{"id":24,"date":"2023-05-06T18:16:33","date_gmt":"2023-05-06T16:16:33","guid":{"rendered":"https:\/\/ssnhs17.fr\/?page_id=24"},"modified":"2026-04-18T21:30:50","modified_gmt":"2026-04-18T19:30:50","slug":"section-nature","status":"publish","type":"page","link":"https:\/\/ssnhs17.fr\/?page_id=24","title":{"rendered":"Section Nature"},"content":{"rendered":"\n<p class=\"has-text-align-center\">Bienvenue dans la section Nature<\/p>\n\n\n\n<div class=\"wp-block-query alignwide is-layout-flow wp-block-query-is-layout-flow\"><ul class=\"wp-block-post-template is-layout-flow wp-block-post-template-is-layout-flow\"><li class=\"wp-block-post post-373 post type-post status-publish format-standard has-post-thumbnail hentry category-general category-nature tag-ssnhs\">\n<h2 class=\"wp-block-post-title\"><a href=\"https:\/\/ssnhs17.fr\/?p=373\" target=\"_self\" >A la recherche des Orchid\u00e9es sauvages en Charente<\/a><\/h2>\n\n\n<div class=\"wp-block-columns is-layout-flex wp-container-core-columns-is-layout-28f84493 wp-block-columns-is-layout-flex\">\n<div class=\"wp-block-column is-layout-flow wp-block-column-is-layout-flow\" style=\"flex-basis:66.66%\"><figure class=\"wp-block-post-featured-image\"><a href=\"https:\/\/ssnhs17.fr\/?p=373\" target=\"_self\"  ><img loading=\"lazy\" decoding=\"async\" width=\"660\" height=\"495\" src=\"https:\/\/ssnhs17.fr\/wp-content\/uploads\/2024\/05\/unnamed-2.jpg\" class=\"attachment-post-thumbnail size-post-thumbnail wp-post-image\" alt=\"A la recherche des Orchid\u00e9es sauvages en Charente\" style=\"object-fit:cover;\" srcset=\"https:\/\/ssnhs17.fr\/wp-content\/uploads\/2024\/05\/unnamed-2.jpg 660w, https:\/\/ssnhs17.fr\/wp-content\/uploads\/2024\/05\/unnamed-2-300x225.jpg 300w\" sizes=\"auto, (max-width: 660px) 100vw, 660px\" \/><\/a><\/figure><\/div>\n\n\n\n<div class=\"wp-block-column is-layout-flow wp-block-column-is-layout-flow\" style=\"flex-basis:33.33%\"><div class=\"wp-block-post-excerpt\"><p class=\"wp-block-post-excerpt__excerpt\">12 mai 2024 Nous \u00e9tions cinq \u00e0 braver les pr\u00e9visions de la m\u00e9t\u00e9o en ce dimanche matin au rendez-vous de Mons (16).La matin\u00e9e est consacr\u00e9e \u00e0 l\u2019exploration du coteau calcaire de Mons orient\u00e9 au sud.Le site du coteau et du chemin balis\u00e9 \u00ab nature \u00bb \u00e0 travers le petit bois est pratiquement abandonn\u00e9\u2026mais nous avons\u2026 <\/p><\/div>\n\n<a class=\"wp-block-read-more\" href=\"https:\/\/ssnhs17.fr\/?p=373\" target=\"_self\">Lire la suite<span class=\"screen-reader-text\">\u00a0: A la recherche des Orchid\u00e9es sauvages en Charente<\/span><\/a>\n\n<div class=\"wp-block-post-date\"><time datetime=\"2024-05-28T21:27:34+02:00\">28 mai 2024<\/time><\/div><\/div>\n<\/div>\n\n\n\n<hr class=\"wp-block-separator has-alpha-channel-opacity\"\/>\n\n<\/li><li class=\"wp-block-post post-142 post type-post status-publish format-standard has-post-thumbnail hentry category-nature tag-mons tag-ophrys tag-orchidees tag-orchis tag-tuzie\">\n<h2 class=\"wp-block-post-title\"><a href=\"https:\/\/ssnhs17.fr\/?p=142\" target=\"_self\" >Sortie orchid\u00e9es 14 mai 2023<\/a><\/h2>\n\n\n<div class=\"wp-block-columns is-layout-flex wp-container-core-columns-is-layout-28f84493 wp-block-columns-is-layout-flex\">\n<div class=\"wp-block-column is-layout-flow wp-block-column-is-layout-flow\" style=\"flex-basis:66.66%\"><figure class=\"wp-block-post-featured-image\"><a href=\"https:\/\/ssnhs17.fr\/?p=142\" target=\"_self\"  ><img loading=\"lazy\" decoding=\"async\" width=\"1600\" height=\"1067\" src=\"https:\/\/ssnhs17.fr\/wp-content\/uploads\/2023\/05\/DSC08046.jpg\" class=\"attachment-post-thumbnail size-post-thumbnail wp-post-image\" alt=\"Sortie orchid\u00e9es 14 mai 2023\" style=\"object-fit:cover;\" srcset=\"https:\/\/ssnhs17.fr\/wp-content\/uploads\/2023\/05\/DSC08046.jpg 1600w, https:\/\/ssnhs17.fr\/wp-content\/uploads\/2023\/05\/DSC08046-300x200.jpg 300w, https:\/\/ssnhs17.fr\/wp-content\/uploads\/2023\/05\/DSC08046-1024x683.jpg 1024w, https:\/\/ssnhs17.fr\/wp-content\/uploads\/2023\/05\/DSC08046-768x512.jpg 768w, https:\/\/ssnhs17.fr\/wp-content\/uploads\/2023\/05\/DSC08046-1536x1024.jpg 1536w\" sizes=\"auto, (max-width: 1600px) 100vw, 1600px\" \/><\/a><\/figure><\/div>\n\n\n\n<div class=\"wp-block-column is-layout-flow wp-block-column-is-layout-flow\" style=\"flex-basis:33.33%\"><div class=\"wp-block-post-excerpt\"><p class=\"wp-block-post-excerpt__excerpt\">Bonjour, voici le compte-rendu de la sortie Orchid\u00e9es du dimanche 14 mai 2023. De nombreuses esp\u00e8ces ont pu \u00eatre observ\u00e9es sous le beau temps Charentais par la dizaine de personnes pr\u00e9sentes. Voici quelques photos de cette journ\u00e9e. <\/p><\/div>\n\n<a class=\"wp-block-read-more\" href=\"https:\/\/ssnhs17.fr\/?p=142\" target=\"_self\">Lire la suite<span class=\"screen-reader-text\">\u00a0: Sortie orchid\u00e9es 14 mai 2023<\/span><\/a>\n\n<div class=\"wp-block-post-date\"><time datetime=\"2023-05-06T23:14:58+02:00\">6 mai 2023<\/time><\/div><\/div>\n<\/div>\n\n\n\n<hr class=\"wp-block-separator has-alpha-channel-opacity\"\/>\n\n<\/li><li class=\"wp-block-post post-41 post type-post status-publish format-standard has-post-thumbnail hentry category-nature tag-algues tag-estran tag-nature-2\">\n<h2 class=\"wp-block-post-title\"><a href=\"https:\/\/ssnhs17.fr\/?p=41\" target=\"_self\" >Sortie Estran \u00e0 la Pointe du Chay le 10 Octobre 2022<\/a><\/h2>\n\n\n<div class=\"wp-block-columns is-layout-flex wp-container-core-columns-is-layout-28f84493 wp-block-columns-is-layout-flex\">\n<div class=\"wp-block-column is-layout-flow wp-block-column-is-layout-flow\" style=\"flex-basis:66.66%\"><figure class=\"wp-block-post-featured-image\"><a href=\"https:\/\/ssnhs17.fr\/?p=41\" target=\"_self\"  ><img loading=\"lazy\" decoding=\"async\" width=\"2560\" height=\"1707\" src=\"https:\/\/ssnhs17.fr\/wp-content\/uploads\/2023\/05\/DSC09383-scaled.jpg\" class=\"attachment-post-thumbnail size-post-thumbnail wp-post-image\" alt=\"Sortie Estran \u00e0 la Pointe du Chay le 10 Octobre 2022\" style=\"object-fit:cover;\" srcset=\"https:\/\/ssnhs17.fr\/wp-content\/uploads\/2023\/05\/DSC09383-scaled.jpg 2560w, https:\/\/ssnhs17.fr\/wp-content\/uploads\/2023\/05\/DSC09383-300x200.jpg 300w, https:\/\/ssnhs17.fr\/wp-content\/uploads\/2023\/05\/DSC09383-1024x683.jpg 1024w, https:\/\/ssnhs17.fr\/wp-content\/uploads\/2023\/05\/DSC09383-768x512.jpg 768w, https:\/\/ssnhs17.fr\/wp-content\/uploads\/2023\/05\/DSC09383-1536x1024.jpg 1536w, https:\/\/ssnhs17.fr\/wp-content\/uploads\/2023\/05\/DSC09383-2048x1365.jpg 2048w\" sizes=\"auto, (max-width: 2560px) 100vw, 2560px\" \/><\/a><\/figure><\/div>\n\n\n\n<div class=\"wp-block-column is-layout-flow wp-block-column-is-layout-flow\" style=\"flex-basis:33.33%\"><div class=\"wp-block-post-excerpt\"><p class=\"wp-block-post-excerpt__excerpt\">Quelques photos des observations et trouvailles qui ont pu \u00eatre faite. <\/p><\/div>\n\n<a class=\"wp-block-read-more\" href=\"https:\/\/ssnhs17.fr\/?p=41\" target=\"_self\">Lire la suite<span class=\"screen-reader-text\">\u00a0: Sortie Estran \u00e0 la Pointe du Chay le 10 Octobre 2022<\/span><\/a>\n\n<div class=\"wp-block-post-date\"><time datetime=\"2023-05-06T18:52:32+02:00\">6 mai 2023<\/time><\/div><\/div>\n<\/div>\n\n\n\n<hr class=\"wp-block-separator has-alpha-channel-opacity\"\/>\n\n<\/li><\/ul>\n\n\n\n<\/div>\n","protected":false},"excerpt":{"rendered":"<p>Bienvenue dans la section Nature<\/p>\n","protected":false},"author":1,"featured_media":0,"parent":0,"menu_order":2,"comment_status":"closed","ping_status":"closed","template":"","meta":{"_monsterinsights_skip_tracking":false,"_monsterinsights_sitenote_active":false,"_monsterinsights_sitenote_note":"","_monsterinsights_sitenote_category":0,"_themeisle_gutenberg_block_has_review":false,"_mc_calendar":[],"footnotes":""},"class_list":["post-24","page","type-page","status-publish","hentry"],"aioseo_notices":[],"_links":{"self":[{"href":"https:\/\/ssnhs17.fr\/index.php?rest_route=\/wp\/v2\/pages\/24","targetHints":{"allow":["GET"]}}],"collection":[{"href":"https:\/\/ssnhs17.fr\/index.php?rest_route=\/wp\/v2\/pages"}],"about":[{"href":"https:\/\/ssnhs17.fr\/index.php?rest_route=\/wp\/v2\/types\/page"}],"author":[{"embeddable":true,"href":"https:\/\/ssnhs17.fr\/index.php?rest_route=\/wp\/v2\/users\/1"}],"replies":[{"embeddable":true,"href":"https:\/\/ssnhs17.fr\/index.php?rest_route=%2Fwp%2Fv2%2Fcomments&post=24"}],"version-history":[{"count":11,"href":"https:\/\/ssnhs17.fr\/index.php?rest_route=\/wp\/v2\/pages\/24\/revisions"}],"predecessor-version":[{"id":497,"href":"https:\/\/ssnhs17.fr\/index.php?rest_route=\/wp\/v2\/pages\/24\/revisions\/497"}],"wp:attachment":[{"href":"https:\/\/ssnhs17.fr\/index.php?rest_route=%2Fwp%2Fv2%2Fmedia&parent=24"}],"curies":[{"name":"wp","href":"https:\/\/api.w.org\/{rel}","templated":true}]}}