{"id":11,"date":"2023-05-06T17:59:20","date_gmt":"2023-05-06T15:59:20","guid":{"rendered":"https:\/\/ssnhs17.fr\/?page_id=11"},"modified":"2026-04-03T15:00:39","modified_gmt":"2026-04-03T13:00:39","slug":"a-propos","status":"publish","type":"page","link":"https:\/\/ssnhs17.fr\/?page_id=11","title":{"rendered":"L&rsquo;association"},"content":{"rendered":"\n<p>La Soci\u00e9t\u00e9 des Sciences Naturelles et Humaines de Surg\u00e8res a \u00e9t\u00e9 cr\u00e9\u00e9e le 16 d\u00e9cembre 1977! Elle a pour but d&rsquo;\u00e9tudier l&rsquo;histoire naturelle et humaine de la r\u00e9gion ; rechercher, d\u00e9crire et conserver les vestiges du pass\u00e9 ; susciter l&rsquo;int\u00e9r\u00eat et satisfaire les besoins de l&rsquo;information.<\/p>\n\n\n\n<div class=\"wp-block-columns is-layout-flex wp-container-core-columns-is-layout-28f84493 wp-block-columns-is-layout-flex\">\n<div class=\"wp-block-column is-layout-flow wp-block-column-is-layout-flow\">\n<h2 class=\"wp-block-heading\">Bureau<\/h2>\n\n\n\n<p>Pr\u00e9sident : Pascal Boucherie<br>Pr\u00e9sident d\u2019honneur : Robert Dubois<br>Vice-Pr\u00e9sident : David Fradin   <br>Tr\u00e9sori\u00e8re : Annick N\u2019Denga<br> Tr\u00e9sorier Adjoint : Catherine Lauroua<br>Secr\u00e9taire : Thierry Peloquin<br>Secr\u00e9taire adjoint : Laurent Rigollet <br>Suivi expos : Claude Bachelier<br>Biblioth\u00e9caire : Jacques Norga<\/p>\n\n\n\n<h2 class=\"wp-block-heading\">Tarifs<\/h2>\n\n\n\n<p>18 euros pour adulte seul<br>25 euros pour un couple<br>Gratuit pour les moins de 18 ans<\/p>\n<\/div>\n\n\n\n<div class=\"wp-block-column is-layout-flow wp-block-column-is-layout-flow\" style=\"flex-basis:80px\">\n<div style=\"height:100px\" aria-hidden=\"true\" class=\"wp-block-spacer\"><\/div>\n<\/div>\n\n\n\n<div class=\"wp-block-column is-layout-flow wp-block-column-is-layout-flow\">\n<h2 class=\"wp-block-heading\">Horaires<\/h2>\n\n\n\n<p>Permanence au local tous les mercredis de 15h \u00e0 18h.<\/p>\n\n\n\n<h2 class=\"wp-block-heading\">Adresse<\/h2>\n\n\n\n<p>2 Rue de Verdun<br>17700 Surg\u00e8res<\/p>\n\n\n\n<h2 class=\"wp-block-heading\">Contact<\/h2>\n\n\n\n<p>M. Pascal Boucherie<br>T\u00e9l : 05 46 35 97 76<br>T\u00e9l : 06 66 07 20 13<br>Mail : <a href=\"mailto:contact@ssnhs17.fr\" title=\"\">contact@ssnhs17.fr<\/a><\/p>\n<\/div>\n<\/div>\n\n\n\n<p><\/p>\n\n\n\n<p class=\"has-large-font-size\">Contactez nous directement via ce formulaire : <\/p>\n\n\n<style id=\"wpforms-css-vars-258-block-60734a89-0e9b-4dc4-9cdb-6c62f53677f2\">\n\t\t\t\t#wpforms-258.wpforms-block-60734a89-0e9b-4dc4-9cdb-6c62f53677f2 {\n\t\t\t\t--wpforms-field-size-input-height: 43px;\n--wpforms-field-size-input-spacing: 15px;\n--wpforms-field-size-font-size: 16px;\n--wpforms-field-size-line-height: 19px;\n--wpforms-field-size-padding-h: 14px;\n--wpforms-field-size-checkbox-size: 16px;\n--wpforms-field-size-sublabel-spacing: 5px;\n--wpforms-field-size-icon-size: 1;\n--wpforms-label-size-font-size: 16px;\n--wpforms-label-size-line-height: 19px;\n--wpforms-label-size-sublabel-font-size: 14px;\n--wpforms-label-size-sublabel-line-height: 17px;\n--wpforms-button-size-font-size: 17px;\n--wpforms-button-size-height: 41px;\n--wpforms-button-size-padding-h: 15px;\n--wpforms-button-size-margin-top: 10px;\n\t\t\t}\n\t\t\t<\/style><div class=\"wpforms-container wpforms-container-full wpforms-block wpforms-block-60734a89-0e9b-4dc4-9cdb-6c62f53677f2 wpforms-render-modern\" id=\"wpforms-258\"><form id=\"wpforms-form-258\" class=\"wpforms-validate wpforms-form wpforms-ajax-form\" data-formid=\"258\" method=\"post\" enctype=\"multipart\/form-data\" action=\"\/index.php?rest_route=%2Fwp%2Fv2%2Fpages%2F11\" data-token=\"d669ce10a2647455a32c40953695d1a2\" data-token-time=\"1776773889\"><noscript class=\"wpforms-error-noscript\">Veuillez activer JavaScript dans votre navigateur pour remplir ce formulaire.<\/noscript><div id=\"wpforms-error-noscript\" style=\"display: none;\">Veuillez activer JavaScript dans votre navigateur pour remplir ce formulaire.<\/div><div class=\"wpforms-field-container\"><div id=\"wpforms-258-field_0-container\" class=\"wpforms-field wpforms-field-name\" data-field-id=\"0\"><fieldset><legend class=\"wpforms-field-label\">Nom <span class=\"wpforms-required-label\" aria-hidden=\"true\">*<\/span><\/legend><div class=\"wpforms-field-row wpforms-field-medium\"><div class=\"wpforms-field-row-block wpforms-first wpforms-one-half\"><input type=\"text\" id=\"wpforms-258-field_0\" class=\"wpforms-field-name-first wpforms-field-required\" name=\"wpforms[fields][0][first]\" aria-errormessage=\"wpforms-258-field_0-error\" required><label for=\"wpforms-258-field_0\" class=\"wpforms-field-sublabel after\">Pr\u00e9nom<\/label><\/div><div class=\"wpforms-field-row-block wpforms-one-half\"><input type=\"text\" id=\"wpforms-258-field_0-last\" class=\"wpforms-field-name-last wpforms-field-required\" name=\"wpforms[fields][0][last]\" aria-errormessage=\"wpforms-258-field_0-last-error\" required><label for=\"wpforms-258-field_0-last\" class=\"wpforms-field-sublabel after\">Nom<\/label><\/div><\/div><\/fieldset><\/div><div id=\"wpforms-258-field_1-container\" class=\"wpforms-field wpforms-field-email\" data-field-id=\"1\"><label class=\"wpforms-field-label\" for=\"wpforms-258-field_1\">E-mail <span class=\"wpforms-required-label\" aria-hidden=\"true\">*<\/span><\/label><input type=\"email\" id=\"wpforms-258-field_1\" class=\"wpforms-field-medium wpforms-field-required\" name=\"wpforms[fields][1]\" spellcheck=\"false\" aria-errormessage=\"wpforms-258-field_1-error\" required><\/div><div id=\"wpforms-258-field_2-container\" class=\"wpforms-field wpforms-field-textarea\" data-field-id=\"2\"><label class=\"wpforms-field-label\" for=\"wpforms-258-field_2\">Votre message<\/label><textarea id=\"wpforms-258-field_2\" class=\"wpforms-field-medium\" name=\"wpforms[fields][2]\" aria-errormessage=\"wpforms-258-field_2-error\" ><\/textarea><\/div><\/div><!-- .wpforms-field-container --><div class=\"wpforms-recaptcha-container wpforms-is-recaptcha wpforms-is-recaptcha-type-v2\" ><div class=\"g-recaptcha\" data-sitekey=\"6LfN8qQsAAAAAJ1gK4MmzQqqyWrQOwvS4KgS1MOc\"><\/div><input type=\"text\" name=\"g-recaptcha-hidden\" class=\"wpforms-recaptcha-hidden\" style=\"position:absolute!important;clip:rect(0,0,0,0)!important;height:1px!important;width:1px!important;border:0!important;overflow:hidden!important;padding:0!important;margin:0!important;\" data-rule-recaptcha=\"1\"><\/div><div class=\"wpforms-submit-container\" ><input type=\"hidden\" name=\"wpforms[id]\" value=\"258\"><input type=\"hidden\" name=\"page_title\" value=\"\"><input type=\"hidden\" name=\"page_url\" value=\"https:\/\/ssnhs17.fr\/index.php?rest_route=\/wp\/v2\/pages\/11\"><input type=\"hidden\" name=\"url_referer\" value=\"\"><button type=\"submit\" name=\"wpforms[submit]\" id=\"wpforms-submit-258\" class=\"wpforms-submit\" data-alt-text=\"Envoi...\" data-submit-text=\"Envoyer\" aria-live=\"assertive\" value=\"wpforms-submit\">Envoyer<\/button><img loading=\"lazy\" decoding=\"async\" src=\"https:\/\/ssnhs17.fr\/wp-content\/plugins\/wpforms-lite\/assets\/images\/submit-spin.svg\" class=\"wpforms-submit-spinner\" style=\"display: none;\" width=\"26\" height=\"26\" alt=\"Chargement en cours\"><\/div><\/form><\/div>  <!-- .wpforms-container -->\n\n","protected":false},"excerpt":{"rendered":"<p>La Soci\u00e9t\u00e9 des Sciences Naturelles et Humaines de Surg\u00e8res a \u00e9t\u00e9 cr\u00e9\u00e9e le 16 d\u00e9cembre 1977! Elle a pour but d&rsquo;\u00e9tudier l&rsquo;histoire naturelle et humaine de la r\u00e9gion ; rechercher, d\u00e9crire et conserver les vestiges du pass\u00e9 ; susciter l&rsquo;int\u00e9r\u00eat et satisfaire les besoins de l&rsquo;information. Bureau Pr\u00e9sident : Pascal BoucheriePr\u00e9sident d\u2019honneur : Robert DuboisVice-Pr\u00e9sident [&hellip;]<\/p>\n","protected":false},"author":1,"featured_media":284,"parent":0,"menu_order":0,"comment_status":"closed","ping_status":"closed","template":"","meta":{"_monsterinsights_skip_tracking":false,"_monsterinsights_sitenote_active":false,"_monsterinsights_sitenote_note":"","_monsterinsights_sitenote_category":0,"_themeisle_gutenberg_block_has_review":false,"_mc_calendar":[],"footnotes":""},"class_list":["post-11","page","type-page","status-publish","has-post-thumbnail","hentry"],"aioseo_notices":[],"_links":{"self":[{"href":"https:\/\/ssnhs17.fr\/index.php?rest_route=\/wp\/v2\/pages\/11","targetHints":{"allow":["GET"]}}],"collection":[{"href":"https:\/\/ssnhs17.fr\/index.php?rest_route=\/wp\/v2\/pages"}],"about":[{"href":"https:\/\/ssnhs17.fr\/index.php?rest_route=\/wp\/v2\/types\/page"}],"author":[{"embeddable":true,"href":"https:\/\/ssnhs17.fr\/index.php?rest_route=\/wp\/v2\/users\/1"}],"replies":[{"embeddable":true,"href":"https:\/\/ssnhs17.fr\/index.php?rest_route=%2Fwp%2Fv2%2Fcomments&post=11"}],"version-history":[{"count":14,"href":"https:\/\/ssnhs17.fr\/index.php?rest_route=\/wp\/v2\/pages\/11\/revisions"}],"predecessor-version":[{"id":471,"href":"https:\/\/ssnhs17.fr\/index.php?rest_route=\/wp\/v2\/pages\/11\/revisions\/471"}],"wp:featuredmedia":[{"embeddable":true,"href":"https:\/\/ssnhs17.fr\/index.php?rest_route=\/wp\/v2\/media\/284"}],"wp:attachment":[{"href":"https:\/\/ssnhs17.fr\/index.php?rest_route=%2Fwp%2Fv2%2Fmedia&parent=11"}],"curies":[{"name":"wp","href":"https:\/\/api.w.org\/{rel}","templated":true}]}}